{"id":6845,"date":"2019-01-14T10:59:28","date_gmt":"2019-01-14T10:59:28","guid":{"rendered":"https:\/\/huisartsenspoedpostoudeijssel.nl\/home-hzoij\/"},"modified":"2020-06-22T13:02:09","modified_gmt":"2020-06-22T11:02:09","slug":"home-hzoij","status":"publish","type":"page","link":"https:\/\/huisartsenspoedpostoudeijssel.nl\/tr\/home-hzoij\/","title":{"rendered":"Home Hzoij"},"content":{"rendered":"<p>[et_pb_section fb_built=&#8221;1&#8243; custom_padding_last_edited=&#8221;on|phone&#8221; admin_label=&#8221;Sectie header met foto&#8221; _builder_version=&#8221;4.2.1&#8243; background_image=&#8221;https:\/\/huisartsenspoedpostoudeijssel.nl\/wp-content\/uploads\/2020\/03\/Huisartsenzorg-doetinchem-team-voor-elkaar-02-2020-6.jpg&#8221; background_position=&#8221;top_left&#8221; background_blend=&#8221;darken&#8221; custom_margin=&#8221;0px||||false|false&#8221; custom_margin_tablet=&#8221;&#8221; custom_margin_phone=&#8221;-10px|-10px|0px|-10px|false|false&#8221; custom_margin_last_edited=&#8221;on|phone&#8221; custom_padding=&#8221;10px|0px|4px|0px|false|false&#8221; custom_padding_tablet=&#8221;50px|0px|39px|0px|false|false&#8221; custom_padding_phone=&#8221;0px|0px|0px|0px|false|false&#8221; collapsed=&#8221;off&#8221;][et_pb_row column_structure=&#8221;2_3,1_3&#8243; make_equal=&#8221;on&#8221; custom_padding_last_edited=&#8221;on|tablet&#8221; admin_label=&#8221;Rij Zorg voor elkaar!&#8221; _builder_version=&#8221;4.2.1&#8243; custom_margin=&#8221;50px||50px&#8221; custom_margin_tablet=&#8221;0px|auto|2px|auto||&#8221; custom_margin_phone=&#8221;0px|0px|0px|45px|false|false&#8221; custom_margin_last_edited=&#8221;on|phone&#8221; custom_padding=&#8221;3px|0px|3px|0px|false|false&#8221; custom_padding_tablet=&#8221;||0px|&#8221; custom_padding_phone=&#8221;50px|0px|0px|0px|false|false&#8221;][et_pb_column type=&#8221;2_3&#8243; _builder_version=&#8221;4.2.1&#8243; background_color=&#8221;rgba(255,255,255,0.79)&#8221; custom_padding=&#8221;20px|20px|20px|20px|false|false&#8221; custom_padding_tablet=&#8221;&#8221; custom_padding_phone=&#8221;&#8221; custom_padding_last_edited=&#8221;on|phone&#8221; custom_padding__hover=&#8221;|||&#8221;][et_pb_text admin_label=&#8221;Tekst Zorg voor elkaar!&#8221; _builder_version=&#8221;4.2.1&#8243; header_font=&#8221;|800||on|||||&#8221; header_2_font=&#8221;|700||on|||||&#8221; header_2_text_color=&#8221;#80217e&#8221; header_2_font_size=&#8221;40px&#8221; header_2_line_height=&#8221;1.3em&#8221; header_6_font=&#8221;|700||on|||||&#8221; header_6_text_color=&#8221;#80217e&#8221; header_6_font_size=&#8221;30px&#8221; custom_margin=&#8221;20px|20px|20px|20px&#8221; animation_style=&#8221;slide&#8221; animation_direction=&#8221;bottom&#8221; animation_intensity_slide=&#8221;10%&#8221; header_2_font_size_tablet=&#8221;&#8221; header_2_font_size_phone=&#8221;24px&#8221; header_2_font_size_last_edited=&#8221;on|desktop&#8221; header_6_font_tablet=&#8221;&#8221; header_6_font_phone=&#8221;&#8221; header_6_font_last_edited=&#8221;on|phone&#8221; locked=&#8221;off&#8221; header_font_size__hover=&#8221;30px&#8221; header_font_size__hover_enabled=&#8221;30px&#8221; header_letter_spacing__hover=&#8221;0px&#8221; header_letter_spacing__hover_enabled=&#8221;0px&#8221; header_text_shadow_style__hover=&#8221;none&#8221; header_text_shadow_style__hover_enabled=&#8221;none&#8221; header_text_shadow_color__hover=&#8221;rgba(0,0,0,0.4)&#8221; header_text_shadow_color__hover_enabled=&#8221;rgba(0,0,0,0.4)&#8221;]<\/p>\n<h6>B\u0130RB\u0130R\u0130M\u0130Z \u0130\u00c7\u0130N!<\/h6>\n<p>[\/et_pb_text][et_pb_text disabled_on=&#8221;on|off|off&#8221; _builder_version=&#8221;4.2.1&#8243; text_font=&#8221;||||||||&#8221; text_text_color=&#8221;#000000&#8243; header_font=&#8221;|700|||||||&#8221; header_font_size=&#8221;16px&#8221; header_4_font=&#8221;|700|||||||&#8221; header_4_font_size=&#8221;14px&#8221; header_4_line_height=&#8221;2em&#8221; custom_margin=&#8221;|40px||20px&#8221; animation_style=&#8221;zoom&#8221; animation_intensity_zoom=&#8221;6%&#8221; text_font_tablet=&#8221;&#8221; text_font_phone=&#8221;&#8221; text_font_last_edited=&#8221;on|desktop&#8221; text_line_height_tablet=&#8221;&#8221; text_line_height_phone=&#8221;1.9em&#8221; text_line_height_last_edited=&#8221;on|phone&#8221; header_font_tablet=&#8221;&#8221; header_font_phone=&#8221;&#8221; header_font_last_edited=&#8221;on|phone&#8221; header_4_font_size_tablet=&#8221;&#8221; header_4_font_size_phone=&#8221;&#8221; header_4_font_size_last_edited=&#8221;on|desktop&#8221; locked=&#8221;off&#8221;]<\/p>\n<h1>Oude IJssel pratisyen hekimler bak\u0131m\u0131<\/h1>\n<h4><span style=\"font-size: 16px; color: #000000; font-weight: 500;\">West Achterhoek olarak da bilinen Oude IJssel b\u00f6lgesinde, pratisyen hekimler, birlikte \u00e7al\u0131\u015farak ve b\u00f6ylece g\u00fc\u00e7l\u00fc bir pratisyen hekimler b\u00f6lgesi olu\u015fturarak sa\u011fl\u0131k alan\u0131ndaki geli\u015fmeleri \u00f6ng\u00f6rmekteler.\u00a0Ya\u015flanma, i\u015f g\u00fcc\u00fc piyasas\u0131 s\u0131k\u0131nt\u0131lar\u0131, h\u00fckumet politikalar\u0131 ve teknolojik geli\u015fmeler bunu te\u015fvik etmektedir. Tutkumuz, bu karma\u015f\u0131k oyun alan\u0131nda pratisyen hekim ve hasta aras\u0131ndaki ki\u015fisel temas\u0131n merkezi olmay\u0131 s\u00fcrd\u00fcrmeken ibarettir. Bizim g\u00fcc\u00fcm\u00fcz budur!<\/span><\/h4>\n<p>[\/et_pb_text][et_pb_image src=&#8221;https:\/\/huisartsenspoedpostoudeijssel.nl\/wp-content\/uploads\/2019\/06\/Huisartsenpost-Oude-IJssel-Doetinchem-logo.png&#8221; alt=&#8221;Huisartsenpost Oude IJssel voor Spoed logo&#8221; url=&#8221;https:\/\/huisartsenspoedpostoudeijssel.nl\/huisartsenpost\/&#8221; src_tablet=&#8221;https:\/\/huisartsenspoedpostoudeijssel.nl\/wp-content\/uploads\/2019\/06\/Huisartsenpost-Oude-IJssel-Doetinchem-logo.png&#8221; src_phone=&#8221;&#8221; src_last_edited=&#8221;on|tablet&#8221; align_tablet=&#8221;center&#8221; align_phone=&#8221;&#8221; align_last_edited=&#8221;on|desktop&#8221; _builder_version=&#8221;3.28&#8243; width_tablet=&#8221;70%&#8221; width_phone=&#8221;&#8221; width_last_edited=&#8221;on|tablet&#8221; max_width=&#8221;53%&#8221; max_width_tablet=&#8221;&#8221; max_width_phone=&#8221;&#8221; max_width_last_edited=&#8221;on|desktop&#8221; custom_margin=&#8221;-30px||0px|10px&#8221; custom_padding=&#8221;||0px&#8221;]<\/p>\n<p>[\/et_pb_image][et_pb_button button_url=&#8221;https:\/\/huisartsenspoedpostoudeijssel.nl\/tr\/huisartsenpostdoetinchem\/&#8221; button_text=&#8221;Acil durumlar i\u00e7in Oude IJssel pratisyen hekimler merkezi&#8221; button_alignment=&#8221;left&#8221; admin_label=&#8221;Knop Direct naar de huisartsenpost&#8221; _builder_version=&#8221;4.2.1&#8243; custom_button=&#8221;on&#8221; button_text_size=&#8221;12px&#8221; button_text_color=&#8221;#ffffff&#8221; button_bg_color=&#8221;#6cb5b6&#8243; button_border_width=&#8221;10px&#8221; button_border_color=&#8221;#6cb5b6&#8243; button_border_radius=&#8221;100px&#8221; button_letter_spacing=&#8221;1px&#8221; button_font=&#8221;Open Sans|700||on|||||&#8221; button_use_icon=&#8221;off&#8221; custom_margin=&#8221;20px|30px|30px|20px|false|false&#8221; animation_style=&#8221;zoom&#8221; animation_delay=&#8221;100ms&#8221; animation_intensity_zoom=&#8221;6%&#8221; hover_enabled=&#8221;0&#8243; button_bg_color_tablet=&#8221;&#8221; button_bg_color_phone=&#8221;&#8221; button_bg_color_last_edited=&#8221;on|desktop&#8221; button_border_color_tablet=&#8221;&#8221; button_border_color_phone=&#8221;&#8221; button_border_color_last_edited=&#8221;on|desktop&#8221; button_letter_spacing_hover=&#8221;2px&#8221; saved_tabs=&#8221;all&#8221; locked=&#8221;off&#8221; button_text_size__hover_enabled=&#8221;off&#8221; button_text_size__hover=&#8221;null&#8221; button_one_text_size__hover_enabled=&#8221;off&#8221; button_one_text_size__hover=&#8221;null&#8221; button_two_text_size__hover_enabled=&#8221;off&#8221; button_two_text_size__hover=&#8221;null&#8221; button_text_color__hover_enabled=&#8221;off&#8221; button_text_color__hover=&#8221;null&#8221; button_one_text_color__hover_enabled=&#8221;off&#8221; button_one_text_color__hover=&#8221;null&#8221; button_two_text_color__hover_enabled=&#8221;off&#8221; button_two_text_color__hover=&#8221;null&#8221; button_border_width__hover_enabled=&#8221;off&#8221; button_border_width__hover=&#8221;null&#8221; button_one_border_width__hover_enabled=&#8221;off&#8221; button_one_border_width__hover=&#8221;null&#8221; button_two_border_width__hover_enabled=&#8221;off&#8221; button_two_border_width__hover=&#8221;null&#8221; button_border_color__hover_enabled=&#8221;on|hover&#8221; button_border_color__hover=&#8221;#e84134&#8243; button_one_border_color__hover_enabled=&#8221;off&#8221; button_one_border_color__hover=&#8221;null&#8221; button_two_border_color__hover_enabled=&#8221;off&#8221; button_two_border_color__hover=&#8221;null&#8221; button_border_radius__hover_enabled=&#8221;off&#8221; button_border_radius__hover=&#8221;null&#8221; button_one_border_radius__hover_enabled=&#8221;off&#8221; button_one_border_radius__hover=&#8221;null&#8221; button_two_border_radius__hover_enabled=&#8221;off&#8221; button_two_border_radius__hover=&#8221;null&#8221; button_letter_spacing__hover_enabled=&#8221;on&#8221; button_letter_spacing__hover=&#8221;2px&#8221; button_one_letter_spacing__hover_enabled=&#8221;off&#8221; button_one_letter_spacing__hover=&#8221;null&#8221; button_two_letter_spacing__hover_enabled=&#8221;off&#8221; button_two_letter_spacing__hover=&#8221;null&#8221; button_bg_color__hover_enabled=&#8221;on|hover&#8221; button_bg_color__hover=&#8221;#e84134&#8243; button_one_bg_color__hover_enabled=&#8221;off&#8221; button_one_bg_color__hover=&#8221;null&#8221; button_two_bg_color__hover_enabled=&#8221;off&#8221; button_two_bg_color__hover=&#8221;null&#8221; button_bg_enable_color__hover=&#8221;on&#8221;]<\/p>\n<p>[\/et_pb_button][\/et_pb_column][et_pb_column type=&#8221;1_3&#8243; disabled_on=&#8221;on|off|off&#8221; _builder_version=&#8221;4.2.1&#8243; background_enable_color=&#8221;off&#8221; custom_padding=&#8221;|||&#8221; custom_padding__hover=&#8221;|||&#8221;][\/et_pb_column][\/et_pb_row][\/et_pb_section][et_pb_section fb_built=&#8221;1&#8243; admin_label=&#8221;Sectie Footer&#8221; _builder_version=&#8221;3.22&#8243; custom_padding=&#8221;61px|0px|54px|0px|false|false&#8221; z_index_tablet=&#8221;500&#8243; saved_tabs=&#8221;all&#8221; collapsed=&#8221;off&#8221;][et_pb_row column_structure=&#8221;1_3,1_3,1_3&#8243; _builder_version=&#8221;3.25&#8243;][et_pb_column type=&#8221;1_3&#8243; _builder_version=&#8221;3.25&#8243; custom_padding=&#8221;|||&#8221; custom_padding__hover=&#8221;|||&#8221;][et_pb_image src=&#8221;https:\/\/huisartsenspoedpostoudeijssel.nl\/wp-content\/uploads\/2019\/03\/HZOIJ-logo.jpg&#8221; alt=&#8221;Huisartsenzorg Oude IJssel logo&#8221; url=&#8221;https:\/\/huisartsenspoedpostoudeijssel.nl\/&#8221; align_tablet=&#8221;center&#8221; align_phone=&#8221;&#8221; align_last_edited=&#8221;on|desktop&#8221; admin_label=&#8221;Logo HZOIJ&#8221; _builder_version=&#8221;3.28&#8243;][\/et_pb_image][et_pb_image src=&#8221;https:\/\/huisartsenspoedpostoudeijssel.nl\/wp-content\/uploads\/2019\/03\/HAP-logo.jpg&#8221; alt=&#8221;Huisartsenpost Oude IJssel voor spoed logo&#8221; url=&#8221;https:\/\/huisartsenspoedpostoudeijssel.nl\/huisartsenpost\/&#8221; align_tablet=&#8221;center&#8221; align_phone=&#8221;&#8221; align_last_edited=&#8221;on|desktop&#8221; admin_label=&#8221;Logo HAP&#8221; _builder_version=&#8221;3.28&#8243;][\/et_pb_image][\/et_pb_column][et_pb_column type=&#8221;1_3&#8243; _builder_version=&#8221;3.25&#8243; custom_padding=&#8221;|||&#8221; custom_padding__hover=&#8221;|||&#8221;][et_pb_text admin_label=&#8221;Tekst pagina koppelingen&#8221; _builder_version=&#8221;3.28&#8243; _dynamic_attributes=&#8221;link_option_url&#8221; header_2_font=&#8221;|800|||||||&#8221; header_2_text_color=&#8221;#80217e&#8221; header_2_font_size=&#8221;21px&#8221; header_6_text_color=&#8221;#80217e&#8221; link_option_url=&#8221;@ET-DC@eyJkeW5hbWljIjp0cnVlLCJjb250ZW50IjoiaG9tZV91cmwiLCJzZXR0aW5ncyI6e319@&#8221; z_index_tablet=&#8221;500&#8243;]<\/p>\n<h2>Menu<\/h2>\n<h6><a href=\"https:\/\/huisartsenspoedpostoudeijssel.nl\/\">Home<\/a><\/h6>\n<h6><a href=\"https:\/\/huisartsenspoedpostoudeijssel.nl\/huisartsenpost\/\">Huisartsenpost<\/a><\/h6>\n<h6><a href=\"\/?page_id=69\">Huisartsen<\/a><\/h6>\n<h6><a href=\"https:\/\/huisartsenspoedpostoudeijssel.nl\/#voor_patienten\">Voor pati\u00ebnten<\/a><\/h6>\n<h6><a href=\"\/?page_id=55\">Voor zorgpartners<\/a><\/h6>\n<h6><a href=\"\/?page_id=2968\">Nieuws<\/a><\/h6>\n<h6><a href=\"\/?page_id=702\">Over ons<\/a><\/h6>\n<p>[\/et_pb_text][et_pb_text admin_label=&#8221;Tekst Contactgegevens HZOIJ&#8221; _builder_version=&#8221;3.28&#8243; header_2_font=&#8221;|800|||||||&#8221; header_2_text_color=&#8221;#80217e&#8221; header_2_font_size=&#8221;21px&#8221; custom_margin=&#8221;0px||&#8221; z_index_tablet=&#8221;500&#8243;]<\/p>\n<p><a href=\"\/?page_id=944\">Tevreden? Of kan het beter<\/a><br \/><a href=\"\/?page_id=4608\" target=\"_blank\" rel=\"noopener noreferrer\">Privacyreglement<\/a><\/p>\n<p>[\/et_pb_text][\/et_pb_column][et_pb_column type=&#8221;1_3&#8243; _builder_version=&#8221;3.25&#8243; custom_padding=&#8221;|||&#8221; custom_padding__hover=&#8221;|||&#8221;][et_pb_text admin_label=&#8221;Tekst Contactgegevens HZOIJ&#8221; _builder_version=&#8221;3.27.4&#8243; header_font=&#8221;||||||||&#8221; header_2_font=&#8221;|800|||||||&#8221; header_2_text_color=&#8221;#80217e&#8221; header_2_font_size=&#8221;21px&#8221;]<\/p>\n<h2 class=\"title\">Contactgegevens<\/h2>\n<div class=\"textwidget\">\n<p>Amphionstraat 67<br \/>7001 DP Doetinchem<br \/>085- 4854000<br \/><a href=\"mailto:info@hzoij.nl\">info@hzoij.nl<\/a><\/p>\n<\/div>\n<p>[\/et_pb_text][et_pb_text admin_label=&#8221;Tekst Volg ons ook via&#8221; _builder_version=&#8221;3.27.4&#8243; header_font=&#8221;||||||||&#8221; header_2_font=&#8221;|800|||||||&#8221; header_2_text_color=&#8221;#80217e&#8221; header_2_font_size=&#8221;21px&#8221;]<\/p>\n<h2 class=\"title\">Volg ons ook via<\/h2>\n<p>[\/et_pb_text][et_pb_social_media_follow _builder_version=&#8221;3.28&#8243;][et_pb_social_media_follow_network social_network=&#8221;facebook&#8221; url=&#8221;https:\/\/www.facebook.com\/huisartsenpostoudeijssel\/&#8221; _builder_version=&#8221;3.28&#8243; background_color=&#8221;#3b5998&#8243; background_last_edited=&#8221;on|desktop&#8221; background__hover_enabled=&#8221;on|hover&#8221; background_color__hover=&#8221;#244a98&#8243; background_enable_color__hover=&#8221;on&#8221; follow_button=&#8221;off&#8221; url_new_window=&#8221;on&#8221;]facebook[\/et_pb_social_media_follow_network][et_pb_social_media_follow_network social_network=&#8221;linkedin&#8221; url=&#8221;https:\/\/nl.linkedin.com\/company\/bv-zorg&#8221; _builder_version=&#8221;3.28&#8243; background_color=&#8221;#007bb6&#8243; background_last_edited=&#8221;on|desktop&#8221; background__hover_enabled=&#8221;on|hover&#8221; background_color__hover=&#8221;#0e6593&#8243; background_enable_color__hover=&#8221;on&#8221; follow_button=&#8221;off&#8221; url_new_window=&#8221;on&#8221;]linkedin[\/et_pb_social_media_follow_network][\/et_pb_social_media_follow][\/et_pb_column][\/et_pb_row][\/et_pb_section]<\/p>\n","protected":false},"excerpt":{"rendered":"<p>[et_pb_section fb_built=&#8221;1&#8243; custom_padding_last_edited=&#8221;on|phone&#8221; admin_label=&#8221;Sectie header met foto&#8221; _builder_version=&#8221;4.2.1&#8243; background_image=&#8221;https:\/\/huisartsenspoedpostoudeijssel.nl\/wp-content\/uploads\/2020\/03\/Huisartsenzorg-doetinchem-team-voor-elkaar-02-2020-6.jpg&#8221; background_position=&#8221;top_left&#8221; background_blend=&#8221;darken&#8221; custom_margin=&#8221;0px||||false|false&#8221; custom_margin_tablet=&#8221;&#8221; custom_margin_phone=&#8221;-10px|-10px|0px|-10px|false|false&#8221; custom_margin_last_edited=&#8221;on|phone&#8221; custom_padding=&#8221;10px|0px|4px|0px|false|false&#8221; custom_padding_tablet=&#8221;50px|0px|39px|0px|false|false&#8221; custom_padding_phone=&#8221;0px|0px|0px|0px|false|false&#8221; collapsed=&#8221;off&#8221;][et_pb_row column_structure=&#8221;2_3,1_3&#8243; make_equal=&#8221;on&#8221; custom_padding_last_edited=&#8221;on|tablet&#8221; admin_label=&#8221;Rij Zorg voor elkaar!&#8221; _builder_version=&#8221;4.2.1&#8243; custom_margin=&#8221;50px||50px&#8221; custom_margin_tablet=&#8221;0px|auto|2px|auto||&#8221; custom_margin_phone=&#8221;0px|0px|0px|45px|false|false&#8221; custom_margin_last_edited=&#8221;on|phone&#8221; custom_padding=&#8221;3px|0px|3px|0px|false|false&#8221; custom_padding_tablet=&#8221;||0px|&#8221; custom_padding_phone=&#8221;50px|0px|0px|0px|false|false&#8221;][et_pb_column type=&#8221;2_3&#8243; _builder_version=&#8221;4.2.1&#8243; background_color=&#8221;rgba(255,255,255,0.79)&#8221; custom_padding=&#8221;20px|20px|20px|20px|false|false&#8221; custom_padding_tablet=&#8221;&#8221; custom_padding_phone=&#8221;&#8221; custom_padding_last_edited=&#8221;on|phone&#8221; custom_padding__hover=&#8221;|||&#8221;][et_pb_text admin_label=&#8221;Tekst Zorg voor elkaar!&#8221; _builder_version=&#8221;4.2.1&#8243; header_font=&#8221;|800||on|||||&#8221; header_2_font=&#8221;|700||on|||||&#8221; header_2_text_color=&#8221;#80217e&#8221; header_2_font_size=&#8221;40px&#8221; header_2_line_height=&#8221;1.3em&#8221; header_6_font=&#8221;|700||on|||||&#8221; header_6_text_color=&#8221;#80217e&#8221; header_6_font_size=&#8221;30px&#8221; [&hellip;]<\/p>\n","protected":false},"author":7,"featured_media":0,"parent":0,"menu_order":0,"comment_status":"closed","ping_status":"closed","template":"","meta":{"_acf_changed":false,"_et_pb_use_builder":"on","_et_pb_old_content":"","_et_gb_content_width":"","footnotes":""},"class_list":["post-6845","page","type-page","status-publish","hentry"],"acf":[],"yoast_head":"<!-- This site is optimized with the Yoast SEO plugin v27.6 - https:\/\/yoast.com\/product\/yoast-seo-wordpress\/ -->\n<title>Home Hzoij - Huisartsenspoedpost Oude IJssel<\/title>\n<meta name=\"description\" content=\"Bij Huisartsenzorg Oude IJssel werken de huisartsen nauw samen om een sterke huisartsenregio te vormen en in te spelen op de ontwikkelingen in de zorg.\" \/>\n<meta name=\"robots\" content=\"index, follow, max-snippet:-1, max-image-preview:large, max-video-preview:-1\" \/>\n<link rel=\"canonical\" href=\"https:\/\/huisartsenspoedpostoudeijssel.nl\/tr\/home-hzoij\/\" \/>\n<meta property=\"og:locale\" content=\"tr_TR\" \/>\n<meta property=\"og:type\" content=\"article\" \/>\n<meta property=\"og:title\" content=\"Home Hzoij - Huisartsenspoedpost Oude IJssel\" \/>\n<meta property=\"og:description\" content=\"Bij Huisartsenzorg Oude IJssel werken de huisartsen nauw samen om een sterke huisartsenregio te vormen en in te spelen op de ontwikkelingen in de zorg.\" \/>\n<meta property=\"og:url\" content=\"https:\/\/huisartsenspoedpostoudeijssel.nl\/tr\/home-hzoij\/\" \/>\n<meta property=\"og:site_name\" content=\"Huisartsenspoedpost Oude IJssel\" \/>\n<meta property=\"article:modified_time\" content=\"2020-06-22T11:02:09+00:00\" \/>\n<meta name=\"twitter:card\" content=\"summary_large_image\" \/>\n<meta name=\"twitter:label1\" content=\"Tahmini okuma s\u00fcresi\" \/>\n\t<meta name=\"twitter:data1\" content=\"7 dakika\" \/>\n<script type=\"application\/ld+json\" class=\"yoast-schema-graph\">{\"@context\":\"https:\\\/\\\/schema.org\",\"@graph\":[{\"@type\":\"WebPage\",\"@id\":\"https:\\\/\\\/huisartsenspoedpostoudeijssel.nl\\\/tr\\\/home-hzoij\\\/\",\"url\":\"https:\\\/\\\/huisartsenspoedpostoudeijssel.nl\\\/tr\\\/home-hzoij\\\/\",\"name\":\"Home Hzoij - Huisartsenspoedpost Oude IJssel\",\"isPartOf\":{\"@id\":\"https:\\\/\\\/huisartsenspoedpostoudeijssel.nl\\\/tr\\\/#website\"},\"datePublished\":\"2019-01-14T10:59:28+00:00\",\"dateModified\":\"2020-06-22T11:02:09+00:00\",\"description\":\"Bij Huisartsenzorg Oude IJssel werken de huisartsen nauw samen om een sterke huisartsenregio te vormen en in te spelen op de ontwikkelingen in de zorg.\",\"breadcrumb\":{\"@id\":\"https:\\\/\\\/huisartsenspoedpostoudeijssel.nl\\\/tr\\\/home-hzoij\\\/#breadcrumb\"},\"inLanguage\":\"tr\",\"potentialAction\":[{\"@type\":\"ReadAction\",\"target\":[\"https:\\\/\\\/huisartsenspoedpostoudeijssel.nl\\\/tr\\\/home-hzoij\\\/\"]}]},{\"@type\":\"BreadcrumbList\",\"@id\":\"https:\\\/\\\/huisartsenspoedpostoudeijssel.nl\\\/tr\\\/home-hzoij\\\/#breadcrumb\",\"itemListElement\":[{\"@type\":\"ListItem\",\"position\":1,\"name\":\"Home\",\"item\":\"https:\\\/\\\/huisartsenspoedpostoudeijssel.nl\\\/tr\\\/\"},{\"@type\":\"ListItem\",\"position\":2,\"name\":\"Home Hzoij\"}]},{\"@type\":\"WebSite\",\"@id\":\"https:\\\/\\\/huisartsenspoedpostoudeijssel.nl\\\/tr\\\/#website\",\"url\":\"https:\\\/\\\/huisartsenspoedpostoudeijssel.nl\\\/tr\\\/\",\"name\":\"Huisartsenspoedpost Oude IJssel\",\"description\":\"\",\"potentialAction\":[{\"@type\":\"SearchAction\",\"target\":{\"@type\":\"EntryPoint\",\"urlTemplate\":\"https:\\\/\\\/huisartsenspoedpostoudeijssel.nl\\\/tr\\\/?s={search_term_string}\"},\"query-input\":{\"@type\":\"PropertyValueSpecification\",\"valueRequired\":true,\"valueName\":\"search_term_string\"}}],\"inLanguage\":\"tr\"}]}<\/script>\n<!-- \/ Yoast SEO plugin. -->","yoast_head_json":{"title":"Home Hzoij - Huisartsenspoedpost Oude IJssel","description":"Bij Huisartsenzorg Oude IJssel werken de huisartsen nauw samen om een sterke huisartsenregio te vormen en in te spelen op de ontwikkelingen in de zorg.","robots":{"index":"index","follow":"follow","max-snippet":"max-snippet:-1","max-image-preview":"max-image-preview:large","max-video-preview":"max-video-preview:-1"},"canonical":"https:\/\/huisartsenspoedpostoudeijssel.nl\/tr\/home-hzoij\/","og_locale":"tr_TR","og_type":"article","og_title":"Home Hzoij - Huisartsenspoedpost Oude IJssel","og_description":"Bij Huisartsenzorg Oude IJssel werken de huisartsen nauw samen om een sterke huisartsenregio te vormen en in te spelen op de ontwikkelingen in de zorg.","og_url":"https:\/\/huisartsenspoedpostoudeijssel.nl\/tr\/home-hzoij\/","og_site_name":"Huisartsenspoedpost Oude IJssel","article_modified_time":"2020-06-22T11:02:09+00:00","twitter_card":"summary_large_image","twitter_misc":{"Tahmini okuma s\u00fcresi":"7 dakika"},"schema":{"@context":"https:\/\/schema.org","@graph":[{"@type":"WebPage","@id":"https:\/\/huisartsenspoedpostoudeijssel.nl\/tr\/home-hzoij\/","url":"https:\/\/huisartsenspoedpostoudeijssel.nl\/tr\/home-hzoij\/","name":"Home Hzoij - Huisartsenspoedpost Oude IJssel","isPartOf":{"@id":"https:\/\/huisartsenspoedpostoudeijssel.nl\/tr\/#website"},"datePublished":"2019-01-14T10:59:28+00:00","dateModified":"2020-06-22T11:02:09+00:00","description":"Bij Huisartsenzorg Oude IJssel werken de huisartsen nauw samen om een sterke huisartsenregio te vormen en in te spelen op de ontwikkelingen in de zorg.","breadcrumb":{"@id":"https:\/\/huisartsenspoedpostoudeijssel.nl\/tr\/home-hzoij\/#breadcrumb"},"inLanguage":"tr","potentialAction":[{"@type":"ReadAction","target":["https:\/\/huisartsenspoedpostoudeijssel.nl\/tr\/home-hzoij\/"]}]},{"@type":"BreadcrumbList","@id":"https:\/\/huisartsenspoedpostoudeijssel.nl\/tr\/home-hzoij\/#breadcrumb","itemListElement":[{"@type":"ListItem","position":1,"name":"Home","item":"https:\/\/huisartsenspoedpostoudeijssel.nl\/tr\/"},{"@type":"ListItem","position":2,"name":"Home Hzoij"}]},{"@type":"WebSite","@id":"https:\/\/huisartsenspoedpostoudeijssel.nl\/tr\/#website","url":"https:\/\/huisartsenspoedpostoudeijssel.nl\/tr\/","name":"Huisartsenspoedpost Oude IJssel","description":"","potentialAction":[{"@type":"SearchAction","target":{"@type":"EntryPoint","urlTemplate":"https:\/\/huisartsenspoedpostoudeijssel.nl\/tr\/?s={search_term_string}"},"query-input":{"@type":"PropertyValueSpecification","valueRequired":true,"valueName":"search_term_string"}}],"inLanguage":"tr"}]}},"_links":{"self":[{"href":"https:\/\/huisartsenspoedpostoudeijssel.nl\/tr\/wp-json\/wp\/v2\/pages\/6845","targetHints":{"allow":["GET"]}}],"collection":[{"href":"https:\/\/huisartsenspoedpostoudeijssel.nl\/tr\/wp-json\/wp\/v2\/pages"}],"about":[{"href":"https:\/\/huisartsenspoedpostoudeijssel.nl\/tr\/wp-json\/wp\/v2\/types\/page"}],"author":[{"embeddable":true,"href":"https:\/\/huisartsenspoedpostoudeijssel.nl\/tr\/wp-json\/wp\/v2\/users\/7"}],"replies":[{"embeddable":true,"href":"https:\/\/huisartsenspoedpostoudeijssel.nl\/tr\/wp-json\/wp\/v2\/comments?post=6845"}],"version-history":[{"count":7,"href":"https:\/\/huisartsenspoedpostoudeijssel.nl\/tr\/wp-json\/wp\/v2\/pages\/6845\/revisions"}],"predecessor-version":[{"id":8438,"href":"https:\/\/huisartsenspoedpostoudeijssel.nl\/tr\/wp-json\/wp\/v2\/pages\/6845\/revisions\/8438"}],"wp:attachment":[{"href":"https:\/\/huisartsenspoedpostoudeijssel.nl\/tr\/wp-json\/wp\/v2\/media?parent=6845"}],"curies":[{"name":"wp","href":"https:\/\/api.w.org\/{rel}","templated":true}]}}