{"id":7759,"date":"2019-07-22T17:31:23","date_gmt":"2019-07-22T17:31:23","guid":{"rendered":"https:\/\/huisartsenspoedpostoudeijssel.nl\/kosten-voor-zorg\/"},"modified":"2020-05-18T14:29:22","modified_gmt":"2020-05-18T12:29:22","slug":"kosten-voor-zorg","status":"publish","type":"page","link":"https:\/\/huisartsenspoedpostoudeijssel.nl\/tr\/kosten-voor-zorg\/","title":{"rendered":"Bakim Masraflari"},"content":{"rendered":"<p>[et_pb_section fb_built=&#8221;1&#8243; _builder_version=&#8221;3.28&#8243; background_color=&#8221;rgba(128,33,126,0.21)&#8221; custom_padding=&#8221;2px|0px|1px|0px|false|false&#8221; z_index_tablet=&#8221;500&#8243; collapsed=&#8221;off&#8221;][et_pb_row admin_label=&#8221;Rij Spoedeisende  huisartsenzorg&#8221; _builder_version=&#8221;3.28&#8243; module_alignment=&#8221;center&#8221; min_height=&#8221;486px&#8221; custom_margin=&#8221;50px||50px|&#8221; custom_margin_tablet=&#8221;||0px||false|false&#8221; custom_margin_phone=&#8221;0px||0px||false|false&#8221; custom_margin_last_edited=&#8221;on|tablet&#8221; custom_padding=&#8221;0px|0px|22px|0px|false|false&#8221; z_index_tablet=&#8221;500&#8243;][et_pb_column type=&#8221;4_4&#8243; _builder_version=&#8221;3.25&#8243; background_color=&#8221;#ffffff&#8221; custom_padding=&#8221;0px|0px|0px|0px&#8221; custom_padding__hover=&#8221;|||&#8221;][et_pb_text admin_label=&#8221;Tekst Kosten voor zorg&#8221; _builder_version=&#8221;4.2.1&#8243; text_text_color=&#8221;#000000&#8243; header_font=&#8221;|700||on|||||&#8221; header_font_size=&#8221;40px&#8221; header_2_font=&#8221;|700||on|||||&#8221; header_2_text_color=&#8221;#ffffff&#8221; header_2_font_size=&#8221;40px&#8221; header_2_line_height=&#8221;1.3em&#8221; background_color=&#8221;#80217e&#8221; background_layout=&#8221;dark&#8221; custom_margin=&#8221;0px|0px|0px|0px&#8221; custom_padding=&#8221;30px|40px|30px|40px&#8221; animation_style=&#8221;slide&#8221; animation_direction=&#8221;bottom&#8221; animation_intensity_slide=&#8221;10%&#8221; header_font_size_tablet=&#8221;&#8221; header_font_size_phone=&#8221;28px&#8221; header_font_size_last_edited=&#8221;on|phone&#8221; z_index_tablet=&#8221;500&#8243; locked=&#8221;off&#8221; header_font_size__hover=&#8221;30px&#8221; header_font_size__hover_enabled=&#8221;30px&#8221; header_letter_spacing__hover=&#8221;0px&#8221; header_letter_spacing__hover_enabled=&#8221;0px&#8221; header_text_shadow_style__hover=&#8221;none&#8221; header_text_shadow_style__hover_enabled=&#8221;none&#8221; header_text_shadow_color__hover=&#8221;rgba(0,0,0,0.4)&#8221; header_text_shadow_color__hover_enabled=&#8221;rgba(0,0,0,0.4)&#8221;]<\/p>\n<h1>Bakim Masraflari<\/h1>\n<p>[\/et_pb_text][et_pb_text _builder_version=&#8221;4.2.1&#8243; text_text_color=&#8221;#000000&#8243; header_2_font=&#8221;|700|||||||&#8221; header_2_text_color=&#8221;#80217e&#8221; header_2_font_size=&#8221;20px&#8221; header_4_font=&#8221;|700|||||||&#8221; header_4_font_size=&#8221;16px&#8221; header_4_line_height=&#8221;1.9em&#8221; background_color=&#8221;#ffffff&#8221; custom_margin=&#8221;|0px||0px&#8221; custom_padding=&#8221;40px|40px|0px|40px|false|false&#8221; animation_style=&#8221;zoom&#8221; animation_intensity_zoom=&#8221;6%&#8221; hover_enabled=&#8221;0&#8243; text_font_size_tablet=&#8221;18px&#8221; text_font_size_phone=&#8221;&#8221; text_font_size_last_edited=&#8221;on|tablet&#8221; text_line_height_tablet=&#8221;2em&#8221; text_line_height_phone=&#8221;&#8221; text_line_height_last_edited=&#8221;on|tablet&#8221; header_font_size_tablet=&#8221;&#8221; header_font_size_phone=&#8221;&#8221; header_font_size_last_edited=&#8221;on|desktop&#8221; z_index_tablet=&#8221;500&#8243; locked=&#8221;off&#8221;]<\/p>\n<p>Huisartsenzorg Oude IJssel (pratisyen hekimler bak\u0131m\u0131), kronik bak\u0131m i\u00e7in \u00fc\u00e7 ayda bir sabit miktar faturas\u0131n\u0131 sa\u011fl\u0131k sigortac\u0131n\u0131za sunar. Bu miktar, gereken bak\u0131m miktar\u0131na bak\u0131lmaks\u0131z\u0131n, belirli bak\u0131m program\u0131ndaki her hasta i\u00e7in ayn\u0131d\u0131r. Gerekli bak\u0131m, rahats\u0131zl\u0131\u011f\u0131n\u0131z\u0131n ciddiyetine ve pratisyen hekiminizle veya uygulama destek g\u00f6revlisiyle kararla\u015ft\u0131rm\u0131\u015f oldu\u011funuz &#8220;bireysel bak\u0131m plan\u0131na&#8221; ba\u011fl\u0131d\u0131r. Sa\u011fl\u0131k sigortac\u0131n\u0131z\u0131n \u00f6zetinde BV Diabeteszorg, BV Longzorg, BV Innovation In Zorg veya BV Hart &amp; Vaatzorg i\u00e7in sa\u011fl\u0131k maliyetleri g\u00f6r\u00fcyorsan\u0131z bu durum, pratisyen hekiminiz taraf\u0131ndan bir veya daha fazla kronik durum i\u00e7in tedavi edildi\u011finiz anlam\u0131na gelir. Yukar\u0131dakiler hakk\u0131nda sorular\u0131n\u0131z oldu\u011funda, kendi pratisyen hekiminize ba\u015fvurabilirsiniz.<\/p>\n<p>&nbsp;<\/p>\n<p>&nbsp;<\/p>\n<p>[\/et_pb_text][\/et_pb_column][\/et_pb_row][\/et_pb_section][et_pb_section fb_built=&#8221;1&#8243; admin_label=&#8221;Sectie Footer&#8221; _builder_version=&#8221;3.22&#8243; custom_margin=&#8221;-7px|||||&#8221; custom_padding=&#8221;51px|0px|54px|0px|false|false&#8221; z_index_tablet=&#8221;500&#8243; saved_tabs=&#8221;all&#8221; collapsed=&#8221;off&#8221;][et_pb_row column_structure=&#8221;1_3,1_3,1_3&#8243; _builder_version=&#8221;3.25&#8243;][et_pb_column type=&#8221;1_3&#8243; _builder_version=&#8221;3.25&#8243; custom_padding=&#8221;|||&#8221; custom_padding__hover=&#8221;|||&#8221;][et_pb_image src=&#8221;https:\/\/huisartsenspoedpostoudeijssel.nl\/wp-content\/uploads\/2019\/03\/HAP-logo.jpg&#8221; alt=&#8221;Huisartsenpost Oude IJssel Voor Spoed Logo&#8221; title_text=&#8221;Huisartsenpost Oude IJssel Voor Spoed Logo&#8221; url=&#8221;https:\/\/huisartsenspoedpostoudeijssel.nl\/huisartsenpost\/&#8221; align_tablet=&#8221;center&#8221; align_phone=&#8221;&#8221; align_last_edited=&#8221;on|desktop&#8221; admin_label=&#8221;Logo HAP&#8221; _builder_version=&#8221;3.28&#8243;][\/et_pb_image][et_pb_text admin_label=&#8221;Tekst Huisartsenpost Oude IJssel B.V. is onderdeel van Huisartsenzorg Oude IJssel B.V.&#8221; _builder_version=&#8221;4.2.1&#8243; header_font=&#8221;||||||||&#8221; header_2_font=&#8221;|800|||||||&#8221; header_2_text_color=&#8221;#80217e&#8221; header_2_font_size=&#8221;21px&#8221;]<\/p>\n<p class=\"title\"><span style=\"color: #666666; font-size: 14px;\">Huisartsenpost Oude IJssel B.V. is<br \/> part of Huisartsenzorg Oude IJssel B.V.<\/span><\/p>\n<p>[\/et_pb_text][\/et_pb_column][et_pb_column type=&#8221;1_3&#8243; _builder_version=&#8221;3.25&#8243; custom_padding=&#8221;|||&#8221; custom_padding__hover=&#8221;|||&#8221;][et_pb_text admin_label=&#8221;Tekst pagina koppelingen&#8221; _builder_version=&#8221;4.2.1&#8243; _dynamic_attributes=&#8221;link_option_url&#8221; header_2_font=&#8221;|800|||||||&#8221; header_2_text_color=&#8221;#80217e&#8221; header_2_font_size=&#8221;21px&#8221; header_5_font=&#8221;|700|||||||&#8221; header_5_text_color=&#8221;#80217e&#8221; header_5_font_size=&#8221;21px&#8221; header_6_text_color=&#8221;#80217e&#8221; custom_margin=&#8221;||0px&#8221; custom_margin_tablet=&#8221;&#8221; custom_margin_phone=&#8221;&#8221; custom_margin_last_edited=&#8221;on|desktop&#8221; custom_padding=&#8221;||0px&#8221; link_option_url=&#8221;@ET-DC@eyJkeW5hbWljIjp0cnVlLCJjb250ZW50IjoiaG9tZV91cmwiLCJzZXR0aW5ncyI6e319@&#8221; header_2_font_size_tablet=&#8221;&#8221; header_2_font_size_phone=&#8221;&#8221; header_2_font_size_last_edited=&#8221;on|desktop&#8221; z_index_tablet=&#8221;500&#8243;]<\/p>\n<h5>Menu<\/h5>\n<h6><a href=\"\/?page_id=7644&#038;lang=en\">Home<\/a><\/h6>\n<h6><a href=\"https:\/\/huisartsenspoedpostoudeijssel.nl\/huisartsenpostdoetinchem\/?lang=en\">Out-of-hours GP<\/a><\/h6>\n<p>[\/et_pb_text][et_pb_text admin_label=&#8221;Tekst Tevreden of&#8230;&#8221; _builder_version=&#8221;4.2.1&#8243; text_text_color=&#8221;#80217e&#8221; header_2_font=&#8221;|800|||||||&#8221; header_2_text_color=&#8221;#80217e&#8221; header_2_font_size=&#8221;21px&#8221; custom_margin=&#8221;0px||&#8221; custom_padding=&#8221;11px|||||&#8221; z_index_tablet=&#8221;500&#8243;]<\/p>\n<div class=\"textwidget\">\n<p class=\"title\"><span style=\"font-size: 14px;\"><a href=\"\/?page_id=7657&#038;lang=en\">Dissatisfied or room for improvement?<\/a><\/span><\/p>\n<div class=\"textwidget\">\n<p class=\"title\"><span style=\"font-size: 14px;\"><a href=\"\/?page_id=4608\">Privacybeleid<\/a><\/span><\/p>\n<\/div>\n<\/div>\n<p>[\/et_pb_text][\/et_pb_column][et_pb_column type=&#8221;1_3&#8243; _builder_version=&#8221;3.25&#8243; custom_padding=&#8221;|||&#8221; custom_padding__hover=&#8221;|||&#8221;][et_pb_text admin_label=&#8221;Tekst Contactgegevens HZOIJ&#8221; _builder_version=&#8221;4.2.1&#8243; header_font=&#8221;||||||||&#8221; header_2_font=&#8221;|800|||||||&#8221; header_2_text_color=&#8221;#80217e&#8221; header_2_font_size=&#8221;21px&#8221; header_5_font=&#8221;|700|||||||&#8221; header_5_text_color=&#8221;#80217e&#8221; header_5_font_size=&#8221;21px&#8221;]<\/p>\n<h5 class=\"title\">Visitors<\/h5>\n<div class=\"textwidget\">\n<p>Kruisbergseweg 27<br \/> 7009 BL Doetinchem<br \/> +31 314 329 888<\/p>\n<\/div>\n<p>[\/et_pb_text][et_pb_text admin_label=&#8221;Tekst Volg ons ook via&#8221; _builder_version=&#8221;4.2.1&#8243; header_font=&#8221;||||||||&#8221; header_2_font=&#8221;|800|||||||&#8221; header_2_text_color=&#8221;#80217e&#8221; header_2_font_size=&#8221;21px&#8221; header_5_font=&#8221;|700|||||||&#8221; header_5_text_color=&#8221;#80217e&#8221; header_5_font_size=&#8221;21px&#8221;]<\/p>\n<h5 class=\"title\">Follow us<\/h5>\n<p>[\/et_pb_text][et_pb_social_media_follow _builder_version=&#8221;3.28&#8243;][et_pb_social_media_follow_network social_network=&#8221;facebook&#8221; url=&#8221;https:\/\/www.facebook.com\/huisartsenpostoudeijssel\/&#8221; icon_color=&#8221;#ffffff&#8221; icon_color_tablet=&#8221;&#8221; icon_color_phone=&#8221;&#8221; icon_color_last_edited=&#8221;on|desktop&#8221; _builder_version=&#8221;3.28&#8243; background_color=&#8221;#3b5998&#8243; background_last_edited=&#8221;on|desktop&#8221; icon_color__hover_enabled=&#8221;on|hover&#8221; icon_color__hover=&#8221;#ffffff&#8221; background__hover_enabled=&#8221;on|hover&#8221; background_color__hover=&#8221;#244a98&#8243; background_enable_color__hover=&#8221;on&#8221; follow_button=&#8221;off&#8221; url_new_window=&#8221;on&#8221;]facebook[\/et_pb_social_media_follow_network][et_pb_social_media_follow_network social_network=&#8221;linkedin&#8221; url=&#8221;https:\/\/nl.linkedin.com\/company\/bv-zorg&#8221; _builder_version=&#8221;3.28&#8243; background_color=&#8221;#007bb6&#8243; background_last_edited=&#8221;on|desktop&#8221; background__hover_enabled=&#8221;on|hover&#8221; background_color__hover=&#8221;#0e6593&#8243; background_enable_color__hover=&#8221;on&#8221; follow_button=&#8221;off&#8221; url_new_window=&#8221;on&#8221;]linkedin[\/et_pb_social_media_follow_network][\/et_pb_social_media_follow][\/et_pb_column][\/et_pb_row][\/et_pb_section]<\/p>\n","protected":false},"excerpt":{"rendered":"<p>[et_pb_section fb_built=&#8221;1&#8243; _builder_version=&#8221;3.28&#8243; background_color=&#8221;rgba(128,33,126,0.21)&#8221; custom_padding=&#8221;2px|0px|1px|0px|false|false&#8221; z_index_tablet=&#8221;500&#8243; collapsed=&#8221;off&#8221;][et_pb_row admin_label=&#8221;Rij Spoedeisende huisartsenzorg&#8221; _builder_version=&#8221;3.28&#8243; module_alignment=&#8221;center&#8221; min_height=&#8221;486px&#8221; custom_margin=&#8221;50px||50px|&#8221; custom_margin_tablet=&#8221;||0px||false|false&#8221; custom_margin_phone=&#8221;0px||0px||false|false&#8221; custom_margin_last_edited=&#8221;on|tablet&#8221; custom_padding=&#8221;0px|0px|22px|0px|false|false&#8221; z_index_tablet=&#8221;500&#8243;][et_pb_column type=&#8221;4_4&#8243; _builder_version=&#8221;3.25&#8243; background_color=&#8221;#ffffff&#8221; custom_padding=&#8221;0px|0px|0px|0px&#8221; custom_padding__hover=&#8221;|||&#8221;][et_pb_text admin_label=&#8221;Tekst Kosten voor zorg&#8221; _builder_version=&#8221;4.2.1&#8243; text_text_color=&#8221;#000000&#8243; header_font=&#8221;|700||on|||||&#8221; header_font_size=&#8221;40px&#8221; header_2_font=&#8221;|700||on|||||&#8221; header_2_text_color=&#8221;#ffffff&#8221; header_2_font_size=&#8221;40px&#8221; header_2_line_height=&#8221;1.3em&#8221; background_color=&#8221;#80217e&#8221; background_layout=&#8221;dark&#8221; custom_margin=&#8221;0px|0px|0px|0px&#8221; custom_padding=&#8221;30px|40px|30px|40px&#8221; animation_style=&#8221;slide&#8221; animation_direction=&#8221;bottom&#8221; animation_intensity_slide=&#8221;10%&#8221; header_font_size_tablet=&#8221;&#8221; header_font_size_phone=&#8221;28px&#8221; header_font_size_last_edited=&#8221;on|phone&#8221; z_index_tablet=&#8221;500&#8243; locked=&#8221;off&#8221; header_font_size__hover=&#8221;30px&#8221; header_font_size__hover_enabled=&#8221;30px&#8221; header_letter_spacing__hover=&#8221;0px&#8221; header_letter_spacing__hover_enabled=&#8221;0px&#8221; header_text_shadow_style__hover=&#8221;none&#8221; header_text_shadow_style__hover_enabled=&#8221;none&#8221; header_text_shadow_color__hover=&#8221;rgba(0,0,0,0.4)&#8221; [&hellip;]<\/p>\n","protected":false},"author":7,"featured_media":0,"parent":0,"menu_order":0,"comment_status":"closed","ping_status":"closed","template":"","meta":{"_acf_changed":false,"_et_pb_use_builder":"on","_et_pb_old_content":"","_et_gb_content_width":"","footnotes":""},"class_list":["post-7759","page","type-page","status-publish","hentry"],"acf":[],"yoast_head":"<!-- This site is optimized with the Yoast SEO plugin v27.6 - https:\/\/yoast.com\/product\/yoast-seo-wordpress\/ -->\n<title>Bakim Masraflari - Huisartsenspoedpost Oude IJssel<\/title>\n<meta name=\"description\" content=\"Huisartsenzorg Oude IJssel declareert kosten namens uw huisarts voor chronische zorg bij uw zorgverzekeraar. Met vragen kunt u terecht bij uw huisarts.\" \/>\n<meta name=\"robots\" content=\"index, follow, max-snippet:-1, max-image-preview:large, max-video-preview:-1\" \/>\n<link rel=\"canonical\" href=\"https:\/\/huisartsenspoedpostoudeijssel.nl\/tr\/kosten-voor-zorg\/\" \/>\n<meta property=\"og:locale\" content=\"tr_TR\" \/>\n<meta property=\"og:type\" content=\"article\" \/>\n<meta property=\"og:title\" content=\"Bakim Masraflari - Huisartsenspoedpost Oude IJssel\" \/>\n<meta property=\"og:description\" content=\"Huisartsenzorg Oude IJssel declareert kosten namens uw huisarts voor chronische zorg bij uw zorgverzekeraar. Met vragen kunt u terecht bij uw huisarts.\" \/>\n<meta property=\"og:url\" content=\"https:\/\/huisartsenspoedpostoudeijssel.nl\/tr\/kosten-voor-zorg\/\" \/>\n<meta property=\"og:site_name\" content=\"Huisartsenspoedpost Oude IJssel\" \/>\n<meta property=\"article:modified_time\" content=\"2020-05-18T12:29:22+00:00\" \/>\n<meta name=\"twitter:card\" content=\"summary_large_image\" \/>\n<meta name=\"twitter:label1\" content=\"Tahmini okuma s\u00fcresi\" \/>\n\t<meta name=\"twitter:data1\" content=\"5 dakika\" \/>\n<script type=\"application\/ld+json\" class=\"yoast-schema-graph\">{\"@context\":\"https:\\\/\\\/schema.org\",\"@graph\":[{\"@type\":\"WebPage\",\"@id\":\"https:\\\/\\\/huisartsenspoedpostoudeijssel.nl\\\/tr\\\/kosten-voor-zorg\\\/\",\"url\":\"https:\\\/\\\/huisartsenspoedpostoudeijssel.nl\\\/tr\\\/kosten-voor-zorg\\\/\",\"name\":\"Bakim Masraflari - Huisartsenspoedpost Oude IJssel\",\"isPartOf\":{\"@id\":\"https:\\\/\\\/huisartsenspoedpostoudeijssel.nl\\\/tr\\\/#website\"},\"datePublished\":\"2019-07-22T17:31:23+00:00\",\"dateModified\":\"2020-05-18T12:29:22+00:00\",\"description\":\"Huisartsenzorg Oude IJssel declareert kosten namens uw huisarts voor chronische zorg bij uw zorgverzekeraar. Met vragen kunt u terecht bij uw huisarts.\",\"breadcrumb\":{\"@id\":\"https:\\\/\\\/huisartsenspoedpostoudeijssel.nl\\\/tr\\\/kosten-voor-zorg\\\/#breadcrumb\"},\"inLanguage\":\"tr\",\"potentialAction\":[{\"@type\":\"ReadAction\",\"target\":[\"https:\\\/\\\/huisartsenspoedpostoudeijssel.nl\\\/tr\\\/kosten-voor-zorg\\\/\"]}]},{\"@type\":\"BreadcrumbList\",\"@id\":\"https:\\\/\\\/huisartsenspoedpostoudeijssel.nl\\\/tr\\\/kosten-voor-zorg\\\/#breadcrumb\",\"itemListElement\":[{\"@type\":\"ListItem\",\"position\":1,\"name\":\"Home\",\"item\":\"https:\\\/\\\/huisartsenspoedpostoudeijssel.nl\\\/tr\\\/\"},{\"@type\":\"ListItem\",\"position\":2,\"name\":\"Bakim Masraflari\"}]},{\"@type\":\"WebSite\",\"@id\":\"https:\\\/\\\/huisartsenspoedpostoudeijssel.nl\\\/tr\\\/#website\",\"url\":\"https:\\\/\\\/huisartsenspoedpostoudeijssel.nl\\\/tr\\\/\",\"name\":\"Huisartsenspoedpost Oude IJssel\",\"description\":\"\",\"potentialAction\":[{\"@type\":\"SearchAction\",\"target\":{\"@type\":\"EntryPoint\",\"urlTemplate\":\"https:\\\/\\\/huisartsenspoedpostoudeijssel.nl\\\/tr\\\/?s={search_term_string}\"},\"query-input\":{\"@type\":\"PropertyValueSpecification\",\"valueRequired\":true,\"valueName\":\"search_term_string\"}}],\"inLanguage\":\"tr\"}]}<\/script>\n<!-- \/ Yoast SEO plugin. -->","yoast_head_json":{"title":"Bakim Masraflari - Huisartsenspoedpost Oude IJssel","description":"Huisartsenzorg Oude IJssel declareert kosten namens uw huisarts voor chronische zorg bij uw zorgverzekeraar. Met vragen kunt u terecht bij uw huisarts.","robots":{"index":"index","follow":"follow","max-snippet":"max-snippet:-1","max-image-preview":"max-image-preview:large","max-video-preview":"max-video-preview:-1"},"canonical":"https:\/\/huisartsenspoedpostoudeijssel.nl\/tr\/kosten-voor-zorg\/","og_locale":"tr_TR","og_type":"article","og_title":"Bakim Masraflari - Huisartsenspoedpost Oude IJssel","og_description":"Huisartsenzorg Oude IJssel declareert kosten namens uw huisarts voor chronische zorg bij uw zorgverzekeraar. Met vragen kunt u terecht bij uw huisarts.","og_url":"https:\/\/huisartsenspoedpostoudeijssel.nl\/tr\/kosten-voor-zorg\/","og_site_name":"Huisartsenspoedpost Oude IJssel","article_modified_time":"2020-05-18T12:29:22+00:00","twitter_card":"summary_large_image","twitter_misc":{"Tahmini okuma s\u00fcresi":"5 dakika"},"schema":{"@context":"https:\/\/schema.org","@graph":[{"@type":"WebPage","@id":"https:\/\/huisartsenspoedpostoudeijssel.nl\/tr\/kosten-voor-zorg\/","url":"https:\/\/huisartsenspoedpostoudeijssel.nl\/tr\/kosten-voor-zorg\/","name":"Bakim Masraflari - Huisartsenspoedpost Oude IJssel","isPartOf":{"@id":"https:\/\/huisartsenspoedpostoudeijssel.nl\/tr\/#website"},"datePublished":"2019-07-22T17:31:23+00:00","dateModified":"2020-05-18T12:29:22+00:00","description":"Huisartsenzorg Oude IJssel declareert kosten namens uw huisarts voor chronische zorg bij uw zorgverzekeraar. Met vragen kunt u terecht bij uw huisarts.","breadcrumb":{"@id":"https:\/\/huisartsenspoedpostoudeijssel.nl\/tr\/kosten-voor-zorg\/#breadcrumb"},"inLanguage":"tr","potentialAction":[{"@type":"ReadAction","target":["https:\/\/huisartsenspoedpostoudeijssel.nl\/tr\/kosten-voor-zorg\/"]}]},{"@type":"BreadcrumbList","@id":"https:\/\/huisartsenspoedpostoudeijssel.nl\/tr\/kosten-voor-zorg\/#breadcrumb","itemListElement":[{"@type":"ListItem","position":1,"name":"Home","item":"https:\/\/huisartsenspoedpostoudeijssel.nl\/tr\/"},{"@type":"ListItem","position":2,"name":"Bakim Masraflari"}]},{"@type":"WebSite","@id":"https:\/\/huisartsenspoedpostoudeijssel.nl\/tr\/#website","url":"https:\/\/huisartsenspoedpostoudeijssel.nl\/tr\/","name":"Huisartsenspoedpost Oude IJssel","description":"","potentialAction":[{"@type":"SearchAction","target":{"@type":"EntryPoint","urlTemplate":"https:\/\/huisartsenspoedpostoudeijssel.nl\/tr\/?s={search_term_string}"},"query-input":{"@type":"PropertyValueSpecification","valueRequired":true,"valueName":"search_term_string"}}],"inLanguage":"tr"}]}},"_links":{"self":[{"href":"https:\/\/huisartsenspoedpostoudeijssel.nl\/tr\/wp-json\/wp\/v2\/pages\/7759","targetHints":{"allow":["GET"]}}],"collection":[{"href":"https:\/\/huisartsenspoedpostoudeijssel.nl\/tr\/wp-json\/wp\/v2\/pages"}],"about":[{"href":"https:\/\/huisartsenspoedpostoudeijssel.nl\/tr\/wp-json\/wp\/v2\/types\/page"}],"author":[{"embeddable":true,"href":"https:\/\/huisartsenspoedpostoudeijssel.nl\/tr\/wp-json\/wp\/v2\/users\/7"}],"replies":[{"embeddable":true,"href":"https:\/\/huisartsenspoedpostoudeijssel.nl\/tr\/wp-json\/wp\/v2\/comments?post=7759"}],"version-history":[{"count":3,"href":"https:\/\/huisartsenspoedpostoudeijssel.nl\/tr\/wp-json\/wp\/v2\/pages\/7759\/revisions"}],"predecessor-version":[{"id":7763,"href":"https:\/\/huisartsenspoedpostoudeijssel.nl\/tr\/wp-json\/wp\/v2\/pages\/7759\/revisions\/7763"}],"wp:attachment":[{"href":"https:\/\/huisartsenspoedpostoudeijssel.nl\/tr\/wp-json\/wp\/v2\/media?parent=7759"}],"curies":[{"name":"wp","href":"https:\/\/api.w.org\/{rel}","templated":true}]}}